{"id":7586,"date":"2025-10-31T11:47:28","date_gmt":"2025-10-31T08:47:28","guid":{"rendered":"https:\/\/elysoracosmetics.com\/?post_type=product&#038;p=7586"},"modified":"2025-10-31T11:47:28","modified_gmt":"2025-10-31T08:47:28","slug":"panthenol-iceren-kuru-ve-catlamis-ciltler-icin-yogun-catlak-bakim-kremi-100-ml","status":"publish","type":"product","link":"https:\/\/elysoracosmetics.com\/index.php\/product\/panthenol-iceren-kuru-ve-catlamis-ciltler-icin-yogun-catlak-bakim-kremi-100-ml\/","title":{"rendered":"Panthenol \u0130\u00e7eren, Kuru ve \u00c7atlam\u0131\u015f Ciltler \u0130\u00e7in, Yo\u011fun \u00c7atlak Bak\u0131m Kremi 100 ml"},"content":{"rendered":"<h3>Yo\u011fun Nemlendirme ve Onar\u0131c\u0131 \u0130\u00e7erikler<\/h3>\n<div>Cr\u00e9me-Fix&#8217;in g\u00fcc\u00fc, cildin nem bariyerini g\u00fc\u00e7lendiren ve onar\u0131ma destek olan aktif bile\u015fenlerinden gelmektedir:<\/div>\n<div><b>Panthenol (Pro-Vitamin B5):<\/b>Cildi derinlemesine nemlendirir, cildin do\u011fal iyile\u015fme s\u00fcrecini destekler ve cilt bariyerini g\u00fc\u00e7lendirerek yumu\u015fakl\u0131k sa\u011flar.<\/div>\n<div><b>Hydrating &amp; Nourishing (Nemlendirici ve Besleyici) Form\u00fcl:<\/b>Cildi yo\u011fun bir \u015fekilde besleyerek nem kayb\u0131n\u0131 \u00f6nler ve \u00e7atlaklar\u0131n olu\u015ftu\u011fu b\u00f6lgelerde cilt kalitesini art\u0131rmay\u0131 hedefler.<\/div>\n<p><b>Derin \u00c7atlak G\u00f6r\u00fcn\u00fcm\u00fcn\u00fc Azaltma:<\/b>\u00d6zellikle el ve ayaklarda olu\u015fan\u00a0<b>derin \u00e7atlaklar\u0131n<\/b>onar\u0131m\u0131na destek olarak g\u00f6r\u00fcn\u00fcm\u00fcn\u00fc hafifletmeye yard\u0131mc\u0131 olur.<\/p>\n<div><b>An\u0131nda Yumu\u015fakl\u0131k:<\/b>Zengin form\u00fcl\u00fc sayesinde cilde h\u0131zla n\u00fcfuz ederek yumu\u015fakl\u0131k sa\u011flar.<\/div>\n<div><b>Yo\u011fun Nemlendirme:<\/b>A\u015f\u0131r\u0131 kuru ciltleri nem ile doyurur, gerginlik hissini azalt\u0131r ve cildi rahatlat\u0131r.<\/div>\n<div><b>Onar\u0131c\u0131 Bak\u0131m:<\/b>Cildin y\u0131pranm\u0131\u015f b\u00f6lgelerine \u00f6zel bak\u0131m yaparak cildin kendini yenileme s\u00fcrecine destek olur.<\/div>\n<div><b>\u00c7atlamaya Kar\u015f\u0131 Koruma:<\/b>D\u00fczenli kullan\u0131mda cildin elastikiyetini art\u0131rarak yeni \u00e7atlak olu\u015fumunu engellemeye yard\u0131mc\u0131 olur.<\/div>\n<p>Kullan\u0131m \u015eekli: \u0130htiya\u00e7 duyulan b\u00f6lgeye (\u00f6zellikle el ve ayaklara) dairesel hareketlerle masaj yaparak yedirin. \u00c7ok kuru veya \u00e7atlak b\u00f6lgelerde g\u00fcn i\u00e7inde birka\u00e7 kez kullan\u0131lmas\u0131 tavsiye edilir.<\/p>\n","protected":false},"excerpt":{"rendered":"<p>Yo\u011fun Nemlendirme ve Onar\u0131c\u0131 \u0130\u00e7erikler Cr\u00e9me-Fix&#8217;in g\u00fcc\u00fc, cildin nem bariyerini g\u00fc\u00e7lendiren ve onar\u0131ma destek olan aktif bile\u015fenlerinden gelmektedir: Panthenol (Pro-Vitamin B5):Cildi derinlemesine nemlendirir, cildin do\u011fal iyile\u015fme s\u00fcrecini destekler ve cilt bariyerini g\u00fc\u00e7lendirerek yumu\u015fakl\u0131k sa\u011flar. Hydrating &amp; Nourishing (Nemlendirici ve Besleyici) Form\u00fcl:Cildi yo\u011fun bir \u015fekilde besleyerek nem kayb\u0131n\u0131 \u00f6nler ve \u00e7atlaklar\u0131n olu\u015ftu\u011fu b\u00f6lgelerde cilt kalitesini art\u0131rmay\u0131 hedefler. Derin \u00c7atlak G\u00f6r\u00fcn\u00fcm\u00fcn\u00fc Azaltma:\u00d6zellikle\u2026<\/p>\n","protected":false},"featured_media":7587,"comment_status":"open","ping_status":"closed","template":"","meta":[],"product_brand":[],"product_cat":[71],"product_tag":[],"class_list":{"0":"post-7586","1":"product","2":"type-product","3":"status-publish","4":"has-post-thumbnail","6":"product_cat-catlak-bakim","8":"first","9":"instock","10":"shipping-taxable","11":"purchasable","12":"product-type-simple"},"_links":{"self":[{"href":"https:\/\/elysoracosmetics.com\/index.php\/wp-json\/wp\/v2\/product\/7586","targetHints":{"allow":["GET"]}}],"collection":[{"href":"https:\/\/elysoracosmetics.com\/index.php\/wp-json\/wp\/v2\/product"}],"about":[{"href":"https:\/\/elysoracosmetics.com\/index.php\/wp-json\/wp\/v2\/types\/product"}],"replies":[{"embeddable":true,"href":"https:\/\/elysoracosmetics.com\/index.php\/wp-json\/wp\/v2\/comments?post=7586"}],"wp:featuredmedia":[{"embeddable":true,"href":"https:\/\/elysoracosmetics.com\/index.php\/wp-json\/wp\/v2\/media\/7587"}],"wp:attachment":[{"href":"https:\/\/elysoracosmetics.com\/index.php\/wp-json\/wp\/v2\/media?parent=7586"}],"wp:term":[{"taxonomy":"product_brand","embeddable":true,"href":"https:\/\/elysoracosmetics.com\/index.php\/wp-json\/wp\/v2\/product_brand?post=7586"},{"taxonomy":"product_cat","embeddable":true,"href":"https:\/\/elysoracosmetics.com\/index.php\/wp-json\/wp\/v2\/product_cat?post=7586"},{"taxonomy":"product_tag","embeddable":true,"href":"https:\/\/elysoracosmetics.com\/index.php\/wp-json\/wp\/v2\/product_tag?post=7586"}],"curies":[{"name":"wp","href":"https:\/\/api.w.org\/{rel}","templated":true}]}}