{"id":7549,"date":"2025-10-31T11:37:34","date_gmt":"2025-10-31T08:37:34","guid":{"rendered":"https:\/\/elysoracosmetics.com\/?post_type=product&#038;p=7549"},"modified":"2025-10-31T11:37:34","modified_gmt":"2025-10-31T08:37:34","slug":"collagen-kafein-destekli-anlik-botoks-etkili-dolgunlastirici-serum-30-ml","status":"publish","type":"product","link":"https:\/\/elysoracosmetics.com\/index.php\/product\/collagen-kafein-destekli-anlik-botoks-etkili-dolgunlastirici-serum-30-ml\/","title":{"rendered":"Collagen, Kafein Destekli, Anl\u0131k Botoks Etkili, Dolgunla\u015ft\u0131r\u0131c\u0131 Serum 30 ml"},"content":{"rendered":"<p>Collagen, Kafein Destekli, Anl\u0131k Botoks Etkili, Dolgunla\u015ft\u0131r\u0131c\u0131 Serum 30 ml<\/p>\n<p>An\u0131nda Etki: \u0130lk uygulamadan itibaren ciltte ipeksi bir gerginlik ve p\u00fcr\u00fczs\u00fczl\u00fck hissi sa\u011flar.<\/p>\n<p>Nem ve Dolgunluk: Hyaluronik asit ile cildi derinlemesine nemlendirir, daha dolgun ve gen\u00e7 bir g\u00f6r\u00fcn\u00fcm sunar.<\/p>\n<p>Uzun Vadeli Onar\u0131m: Peptid ve aktif bile\u015fenler sayesinde kolajen \u00fcretimini destekler, cilde elastikiyet kazand\u0131r\u0131r.<\/p>\n<p>Koruyucu Bariyer :Antioksidan kompleks ile cildi serbest radikallerin ya\u015fland\u0131r\u0131c\u0131 etkilerine kar\u015f\u0131 korur.<\/p>\n<p>Kullan\u0131m: Temiz ve kuru cilde sabah veya ak\u015fam uygulay\u0131n\u0131z.; Y\u00fcz ve Boyun b\u00f6lgesine birka\u00e7 damla serumu nazik\u00e7e masaj hareketleri ile yediriniz.<\/p>\n","protected":false},"excerpt":{"rendered":"<p>Collagen, Kafein Destekli, Anl\u0131k Botoks Etkili, Dolgunla\u015ft\u0131r\u0131c\u0131 Serum 30 ml An\u0131nda Etki: \u0130lk uygulamadan itibaren ciltte ipeksi bir gerginlik ve p\u00fcr\u00fczs\u00fczl\u00fck hissi sa\u011flar. Nem ve Dolgunluk: Hyaluronik asit ile cildi derinlemesine nemlendirir, daha dolgun ve gen\u00e7 bir g\u00f6r\u00fcn\u00fcm sunar. Uzun Vadeli Onar\u0131m: Peptid ve aktif bile\u015fenler sayesinde kolajen \u00fcretimini destekler, cilde elastikiyet kazand\u0131r\u0131r. Koruyucu Bariyer :Antioksidan kompleks ile cildi serbest\u2026<\/p>\n","protected":false},"featured_media":7550,"comment_status":"open","ping_status":"closed","template":"","meta":[],"product_brand":[],"product_cat":[68],"product_tag":[],"class_list":{"0":"post-7549","1":"product","2":"type-product","3":"status-publish","4":"has-post-thumbnail","6":"product_cat-cilt-serumu","8":"first","9":"instock","10":"shipping-taxable","11":"purchasable","12":"product-type-simple"},"_links":{"self":[{"href":"https:\/\/elysoracosmetics.com\/index.php\/wp-json\/wp\/v2\/product\/7549","targetHints":{"allow":["GET"]}}],"collection":[{"href":"https:\/\/elysoracosmetics.com\/index.php\/wp-json\/wp\/v2\/product"}],"about":[{"href":"https:\/\/elysoracosmetics.com\/index.php\/wp-json\/wp\/v2\/types\/product"}],"replies":[{"embeddable":true,"href":"https:\/\/elysoracosmetics.com\/index.php\/wp-json\/wp\/v2\/comments?post=7549"}],"wp:featuredmedia":[{"embeddable":true,"href":"https:\/\/elysoracosmetics.com\/index.php\/wp-json\/wp\/v2\/media\/7550"}],"wp:attachment":[{"href":"https:\/\/elysoracosmetics.com\/index.php\/wp-json\/wp\/v2\/media?parent=7549"}],"wp:term":[{"taxonomy":"product_brand","embeddable":true,"href":"https:\/\/elysoracosmetics.com\/index.php\/wp-json\/wp\/v2\/product_brand?post=7549"},{"taxonomy":"product_cat","embeddable":true,"href":"https:\/\/elysoracosmetics.com\/index.php\/wp-json\/wp\/v2\/product_cat?post=7549"},{"taxonomy":"product_tag","embeddable":true,"href":"https:\/\/elysoracosmetics.com\/index.php\/wp-json\/wp\/v2\/product_tag?post=7549"}],"curies":[{"name":"wp","href":"https:\/\/api.w.org\/{rel}","templated":true}]}}