{"id":7019,"date":"2023-10-06T04:13:39","date_gmt":"2023-10-06T04:13:39","guid":{"rendered":"https:\/\/miniture.novaworks.net\/?page_id=15"},"modified":"2025-06-10T13:33:47","modified_gmt":"2025-06-10T10:33:47","slug":"about-us","status":"publish","type":"page","link":"https:\/\/elysoracosmetics.com\/index.php\/about-us\/","title":{"rendered":"About Us"},"content":{"rendered":"\t\t<div data-elementor-type=\"wp-page\" data-elementor-id=\"7019\" class=\"elementor elementor-7019\">\n\t\t\t\t<div class=\"elementor-element elementor-element-40ec82a e-flex e-con-boxed kitify-col-width-auto-no ignore-docs-style-no kitify-disable-relative-no e-root-container elementor-top-section e-con e-parent\" data-id=\"40ec82a\" data-element_type=\"container\">\n\t\t\t\t\t<div class=\"e-con-inner\">\n\t\t\t\t<div class=\"elementor-element elementor-element-eb8bd4d elementor-widget__width-initial elementor-invisible kitify-has-entrance-animation elementor-widget elementor-widget-heading\" data-id=\"eb8bd4d\" data-element_type=\"widget\" data-settings=\"{&quot;_animation&quot;:&quot;kitifyShortFadeInUp&quot;}\" data-widget_type=\"heading.default\">\n\t\t\t\t<div class=\"elementor-widget-container\">\n\t\t\t\t\t<h2 class=\"elementor-heading-title elementor-size-default\">Do\u011fadan ilham, bilimle g\u00fczellik<\/h2>\t\t\t\t<\/div>\n\t\t\t\t<\/div>\n\t\t\t\t<div class=\"elementor-element elementor-element-2a75737 elementor-invisible kitify-has-entrance-animation elementor-widget elementor-widget-image\" data-id=\"2a75737\" data-element_type=\"widget\" data-settings=\"{&quot;_animation&quot;:&quot;kitifyShortFadeInUp&quot;}\" data-widget_type=\"image.default\">\n\t\t\t\t<div class=\"elementor-widget-container\">\n\t\t\t\t\t\t\t\t\t\t\t\t\t\t\t<img fetchpriority=\"high\" decoding=\"async\" width=\"1600\" height=\"457\" src=\"https:\/\/elysoracosmetics.com\/wp-content\/uploads\/2023\/10\/WhatsApp-Image-2025-05-13-at-15.10.23.jpeg\" class=\"attachment-full size-full wp-image-7316\" alt=\"\" srcset=\"https:\/\/elysoracosmetics.com\/wp-content\/uploads\/2023\/10\/WhatsApp-Image-2025-05-13-at-15.10.23.jpeg 1600w, https:\/\/elysoracosmetics.com\/wp-content\/uploads\/2023\/10\/WhatsApp-Image-2025-05-13-at-15.10.23-700x200.jpeg 700w, https:\/\/elysoracosmetics.com\/wp-content\/uploads\/2023\/10\/WhatsApp-Image-2025-05-13-at-15.10.23-1000x286.jpeg 1000w, https:\/\/elysoracosmetics.com\/wp-content\/uploads\/2023\/10\/WhatsApp-Image-2025-05-13-at-15.10.23-300x86.jpeg 300w, https:\/\/elysoracosmetics.com\/wp-content\/uploads\/2023\/10\/WhatsApp-Image-2025-05-13-at-15.10.23-1024x292.jpeg 1024w, https:\/\/elysoracosmetics.com\/wp-content\/uploads\/2023\/10\/WhatsApp-Image-2025-05-13-at-15.10.23-768x219.jpeg 768w, https:\/\/elysoracosmetics.com\/wp-content\/uploads\/2023\/10\/WhatsApp-Image-2025-05-13-at-15.10.23-1536x439.jpeg 1536w\" sizes=\"(max-width: 1600px) 100vw, 1600px\" \/>\t\t\t\t\t\t\t\t\t\t\t\t\t\t\t<\/div>\n\t\t\t\t<\/div>\n\t\t\t\t\t<\/div>\n\t\t\t\t<\/div>\n\t\t<div class=\"elementor-element elementor-element-9b6030b e-flex e-con-boxed kitify-col-width-auto-no ignore-docs-style-no kitify-disable-relative-no elementor-invisible e-root-container elementor-top-section kitify-has-entrance-animation e-con e-parent\" data-id=\"9b6030b\" data-element_type=\"container\" data-settings=\"{&quot;animation&quot;:&quot;kitifyShortFadeInUp&quot;}\">\n\t\t\t\t\t<div class=\"e-con-inner\">\n\t\t<div class=\"elementor-element elementor-element-d5f6798 e-con-full e-flex kitify-col-width-auto-no ignore-docs-style-no kitify-disable-relative-no e-con e-child\" data-id=\"d5f6798\" data-element_type=\"container\">\n\t\t\t\t<div class=\"elementor-element elementor-element-cd586e7 elementor-widget elementor-widget-heading\" data-id=\"cd586e7\" data-element_type=\"widget\" data-widget_type=\"heading.default\">\n\t\t\t\t<div class=\"elementor-widget-container\">\n\t\t\t\t\t<h3 class=\"elementor-heading-title elementor-size-default\">Hakk\u0131m\u0131zda<\/h3>\t\t\t\t<\/div>\n\t\t\t\t<\/div>\n\t\t\t\t<\/div>\n\t\t<div class=\"elementor-element elementor-element-25d51ad e-con-full e-flex kitify-col-width-auto-no ignore-docs-style-no kitify-disable-relative-no e-con e-child\" data-id=\"25d51ad\" data-element_type=\"container\">\n\t\t\t\t<div class=\"elementor-element elementor-element-d03a395 elementor-widget elementor-widget-heading\" data-id=\"d03a395\" data-element_type=\"widget\" data-widget_type=\"heading.default\">\n\t\t\t\t<div class=\"elementor-widget-container\">\n\t\t\t\t\t<p class=\"elementor-heading-title elementor-size-default\">Elysora, g\u00fczelli\u011fi yaln\u0131zca d\u0131\u015f g\u00f6r\u00fcn\u00fcm de\u011fil, bir ya\u015fam felsefesi olarak g\u00f6ren modern kad\u0131n ve erkekler i\u00e7in tasarlanm\u0131\u015f \u00f6zel i\u00e7erikli bir kozmetik markas\u0131d\u0131r.\nYerli kaynaklardan ilham alarak do\u011faya ve bilime sayg\u0131l\u0131 \u00fcr\u00fcnler geli\u015ftiren Elysora, y\u00fcksek kalite ve g\u00fcvenilirli\u011fi \u00f6n planda tutarak, ciltle uyumlu ve etkili form\u00fcller sunar.\n\nHer \u00fcr\u00fcn\u00fcm\u00fcz; \u00f6zg\u00fcn i\u00e7erikler, etik \u00fcretim ve estetik yakla\u015f\u0131m\u0131n birle\u015fimiyle hayat bulur. T\u00fcrkiye\u2019de do\u011fduk, ama d\u00fcnya g\u00fczelli\u011fine hitap etmeye haz\u0131r\u0131z.\n\nElysora: \u00d6z\u00fcn\u00fc ke\u015ffet, do\u011fall\u0131kla \u0131\u015f\u0131lda.<\/p>\t\t\t\t<\/div>\n\t\t\t\t<\/div>\n\t\t\t\t<\/div>\n\t\t\t\t\t<\/div>\n\t\t\t\t<\/div>\n\t\t<div class=\"elementor-element elementor-element-326fe39 e-flex e-con-boxed kitify-col-width-auto-no ignore-docs-style-no kitify-disable-relative-no elementor-invisible e-root-container elementor-top-section kitify-has-entrance-animation e-con e-parent\" data-id=\"326fe39\" data-element_type=\"container\" data-settings=\"{&quot;animation&quot;:&quot;kitifyShortFadeInUp&quot;}\">\n\t\t\t\t\t<div class=\"e-con-inner\">\n\t\t<div class=\"elementor-element elementor-element-d5ca379 e-con-full e-flex kitify-col-width-auto-no ignore-docs-style-no kitify-disable-relative-no e-con e-child\" data-id=\"d5ca379\" data-element_type=\"container\">\n\t\t\t\t<div class=\"elementor-element elementor-element-1431a5e elementor-widget elementor-widget-heading\" data-id=\"1431a5e\" data-element_type=\"widget\" data-widget_type=\"heading.default\">\n\t\t\t\t<div class=\"elementor-widget-container\">\n\t\t\t\t\t<h3 class=\"elementor-heading-title elementor-size-default\">Misyon<\/h3>\t\t\t\t<\/div>\n\t\t\t\t<\/div>\n\t\t\t\t<\/div>\n\t\t<div class=\"elementor-element elementor-element-1bcf31b e-con-full e-flex kitify-col-width-auto-no ignore-docs-style-no kitify-disable-relative-no e-con e-child\" data-id=\"1bcf31b\" data-element_type=\"container\">\n\t\t\t\t<div class=\"elementor-element elementor-element-02fbde1 elementor-widget elementor-widget-heading\" data-id=\"02fbde1\" data-element_type=\"widget\" data-widget_type=\"heading.default\">\n\t\t\t\t<div class=\"elementor-widget-container\">\n\t\t\t\t\t<p class=\"elementor-heading-title elementor-size-default\">Do\u011fal, etkili ve g\u00fcvenilir i\u00e7eriklerle cilt sa\u011fl\u0131\u011f\u0131n\u0131 destekleyen yenilik\u00e7i kozmetik \u00fcr\u00fcnleri geli\u015ftirmek; g\u00fczelli\u011fi herkes i\u00e7in ula\u015f\u0131labilir ve anlaml\u0131 k\u0131lmak.<\/p>\t\t\t\t<\/div>\n\t\t\t\t<\/div>\n\t\t\t\t<\/div>\n\t\t\t\t\t<\/div>\n\t\t\t\t<\/div>\n\t\t<div class=\"elementor-element elementor-element-6bc0549 e-flex e-con-boxed kitify-col-width-auto-no ignore-docs-style-no kitify-disable-relative-no elementor-invisible e-root-container elementor-top-section kitify-has-entrance-animation e-con e-parent\" data-id=\"6bc0549\" data-element_type=\"container\" data-settings=\"{&quot;animation&quot;:&quot;kitifyShortFadeInUp&quot;}\">\n\t\t\t\t\t<div class=\"e-con-inner\">\n\t\t<div class=\"elementor-element elementor-element-7ca89e0 e-con-full e-flex kitify-col-width-auto-no ignore-docs-style-no kitify-disable-relative-no e-con e-child\" data-id=\"7ca89e0\" data-element_type=\"container\">\n\t\t\t\t<div class=\"elementor-element elementor-element-b750374 elementor-widget elementor-widget-heading\" data-id=\"b750374\" data-element_type=\"widget\" data-widget_type=\"heading.default\">\n\t\t\t\t<div class=\"elementor-widget-container\">\n\t\t\t\t\t<h3 class=\"elementor-heading-title elementor-size-default\">Vizyon<\/h3>\t\t\t\t<\/div>\n\t\t\t\t<\/div>\n\t\t\t\t<\/div>\n\t\t<div class=\"elementor-element elementor-element-5b94c72 e-con-full e-flex kitify-col-width-auto-no ignore-docs-style-no kitify-disable-relative-no e-con e-child\" data-id=\"5b94c72\" data-element_type=\"container\">\n\t\t\t\t<div class=\"elementor-element elementor-element-f23d663 elementor-widget elementor-widget-heading\" data-id=\"f23d663\" data-element_type=\"widget\" data-widget_type=\"heading.default\">\n\t\t\t\t<div class=\"elementor-widget-container\">\n\t\t\t\t\t<p class=\"elementor-heading-title elementor-size-default\">T\u00fcrkiye'nin yerli g\u00fcc\u00fcn\u00fc k\u00fcresel arenada temsil eden, do\u011fal i\u00e7erik ve bilimsel yakla\u015f\u0131m\u0131yla d\u00fcnya \u00e7ap\u0131nda tercih edilen \u00f6nc\u00fc bir kozmetik markas\u0131 olmak.<\/p>\t\t\t\t<\/div>\n\t\t\t\t<\/div>\n\t\t\t\t<\/div>\n\t\t\t\t\t<\/div>\n\t\t\t\t<\/div>\n\t\t<div class=\"elementor-element elementor-element-9a7f359 e-flex e-con-boxed kitify-col-width-auto-no ignore-docs-style-no kitify-disable-relative-no e-root-container elementor-top-section e-con e-parent\" data-id=\"9a7f359\" data-element_type=\"container\">\n\t\t\t\t\t<div class=\"e-con-inner\">\n\t\t<div class=\"elementor-element elementor-element-52113a5 e-con-full e-flex kitify-col-width-auto-no ignore-docs-style-no kitify-disable-relative-no elementor-invisible kitify-has-entrance-animation e-con e-child\" data-id=\"52113a5\" data-element_type=\"container\" data-settings=\"{&quot;animation&quot;:&quot;kitifyShortFadeInUp&quot;}\">\n\t\t\t\t<div class=\"elementor-element elementor-element-5fbb239 elementor-widget elementor-widget-counter\" data-id=\"5fbb239\" data-element_type=\"widget\" data-widget_type=\"counter.default\">\n\t\t\t\t<div class=\"elementor-widget-container\">\n\t\t\t\t\t\t\t<div class=\"elementor-counter\">\n\t\t\t<div class=\"elementor-counter-title\">\u00d6zel \u00dcr\u00fcn<\/div>\t\t\t<div class=\"elementor-counter-number-wrapper\">\n\t\t\t\t<span class=\"elementor-counter-number-prefix\"><\/span>\n\t\t\t\t<span class=\"elementor-counter-number\" data-duration=\"2000\" data-to-value=\"20\" data-from-value=\"0\" data-delimiter=\",\">0<\/span>\n\t\t\t\t<span class=\"elementor-counter-number-suffix\">+<\/span>\n\t\t\t<\/div>\n\t\t<\/div>\n\t\t\t\t\t\t<\/div>\n\t\t\t\t<\/div>\n\t\t\t\t<\/div>\n\t\t<div class=\"elementor-element elementor-element-b0e27af e-con-full e-flex kitify-col-width-auto-no ignore-docs-style-no kitify-disable-relative-no elementor-invisible kitify-has-entrance-animation e-con e-child\" data-id=\"b0e27af\" data-element_type=\"container\" data-settings=\"{&quot;animation&quot;:&quot;kitifyShortFadeInUp&quot;,&quot;animation_delay&quot;:400}\">\n\t\t\t\t<div class=\"elementor-element elementor-element-1bab4be elementor-widget elementor-widget-counter\" data-id=\"1bab4be\" data-element_type=\"widget\" data-widget_type=\"counter.default\">\n\t\t\t\t<div class=\"elementor-widget-container\">\n\t\t\t\t\t\t\t<div class=\"elementor-counter\">\n\t\t\t<div class=\"elementor-counter-title\">Y\u0131ll\u0131k Tecr\u00fcbe<\/div>\t\t\t<div class=\"elementor-counter-number-wrapper\">\n\t\t\t\t<span class=\"elementor-counter-number-prefix\"><\/span>\n\t\t\t\t<span class=\"elementor-counter-number\" data-duration=\"2000\" data-to-value=\"10\" data-from-value=\"0\" data-delimiter=\",\">0<\/span>\n\t\t\t\t<span class=\"elementor-counter-number-suffix\">+<\/span>\n\t\t\t<\/div>\n\t\t<\/div>\n\t\t\t\t\t\t<\/div>\n\t\t\t\t<\/div>\n\t\t\t\t<\/div>\n\t\t<div class=\"elementor-element elementor-element-92ed50e e-con-full e-flex kitify-col-width-auto-no ignore-docs-style-no kitify-disable-relative-no elementor-invisible kitify-has-entrance-animation e-con e-child\" data-id=\"92ed50e\" data-element_type=\"container\" data-settings=\"{&quot;animation&quot;:&quot;kitifyShortFadeInUp&quot;,&quot;animation_delay&quot;:500}\">\n\t\t\t\t<div class=\"elementor-element elementor-element-29e5f94 elementor-widget elementor-widget-counter\" data-id=\"29e5f94\" data-element_type=\"widget\" data-widget_type=\"counter.default\">\n\t\t\t\t<div class=\"elementor-widget-container\">\n\t\t\t\t\t\t\t<div class=\"elementor-counter\">\n\t\t\t<div class=\"elementor-counter-title\">Mutlu M\u00fc\u015fteri<\/div>\t\t\t<div class=\"elementor-counter-number-wrapper\">\n\t\t\t\t<span class=\"elementor-counter-number-prefix\"><\/span>\n\t\t\t\t<span class=\"elementor-counter-number\" data-duration=\"2000\" data-to-value=\"5000\" data-from-value=\"0\" data-delimiter=\",\">0<\/span>\n\t\t\t\t<span class=\"elementor-counter-number-suffix\">+<\/span>\n\t\t\t<\/div>\n\t\t<\/div>\n\t\t\t\t\t\t<\/div>\n\t\t\t\t<\/div>\n\t\t\t\t<\/div>\n\t\t<div class=\"elementor-element elementor-element-f115eda e-con-full e-flex kitify-col-width-auto-no ignore-docs-style-no kitify-disable-relative-no elementor-invisible kitify-has-entrance-animation e-con e-child\" data-id=\"f115eda\" data-element_type=\"container\" data-settings=\"{&quot;animation&quot;:&quot;kitifyShortFadeInUp&quot;,&quot;animation_delay&quot;:600}\">\n\t\t\t\t<div class=\"elementor-element elementor-element-4aeeb82 elementor-widget elementor-widget-counter\" data-id=\"4aeeb82\" data-element_type=\"widget\" data-widget_type=\"counter.default\">\n\t\t\t\t<div class=\"elementor-widget-container\">\n\t\t\t\t\t\t\t<div class=\"elementor-counter\">\n\t\t\t<div class=\"elementor-counter-title\">\u0130\u00e7erik \u00d6d\u00fcl\u00fc<\/div>\t\t\t<div class=\"elementor-counter-number-wrapper\">\n\t\t\t\t<span class=\"elementor-counter-number-prefix\"><\/span>\n\t\t\t\t<span class=\"elementor-counter-number\" data-duration=\"2000\" data-to-value=\"10\" data-from-value=\"0\" data-delimiter=\",\">0<\/span>\n\t\t\t\t<span class=\"elementor-counter-number-suffix\">+<\/span>\n\t\t\t<\/div>\n\t\t<\/div>\n\t\t\t\t\t\t<\/div>\n\t\t\t\t<\/div>\n\t\t\t\t<\/div>\n\t\t\t\t\t<\/div>\n\t\t\t\t<\/div>\n\t\t\t\t<\/div>\n\t\t","protected":false},"excerpt":{"rendered":"<p>Do\u011fadan ilham, bilimle g\u00fczellik Hakk\u0131m\u0131zda Elysora, g\u00fczelli\u011fi yaln\u0131zca d\u0131\u015f g\u00f6r\u00fcn\u00fcm de\u011fil, bir ya\u015fam felsefesi olarak g\u00f6ren modern kad\u0131n ve erkekler i\u00e7in tasarlanm\u0131\u015f \u00f6zel i\u00e7erikli bir kozmetik markas\u0131d\u0131r. Yerli kaynaklardan ilham alarak do\u011faya ve bilime sayg\u0131l\u0131 \u00fcr\u00fcnler geli\u015ftiren Elysora, y\u00fcksek kalite ve g\u00fcvenilirli\u011fi \u00f6n planda tutarak, ciltle uyumlu ve etkili form\u00fcller sunar. Her \u00fcr\u00fcn\u00fcm\u00fcz; \u00f6zg\u00fcn i\u00e7erikler, etik \u00fcretim ve estetik yakla\u015f\u0131m\u0131n\u2026<\/p>\n","protected":false},"author":1,"featured_media":0,"parent":0,"menu_order":0,"comment_status":"closed","ping_status":"closed","template":"","meta":{"footnotes":""},"class_list":["post-7019","page","type-page","status-publish","hentry"],"_links":{"self":[{"href":"https:\/\/elysoracosmetics.com\/index.php\/wp-json\/wp\/v2\/pages\/7019","targetHints":{"allow":["GET"]}}],"collection":[{"href":"https:\/\/elysoracosmetics.com\/index.php\/wp-json\/wp\/v2\/pages"}],"about":[{"href":"https:\/\/elysoracosmetics.com\/index.php\/wp-json\/wp\/v2\/types\/page"}],"author":[{"embeddable":true,"href":"https:\/\/elysoracosmetics.com\/index.php\/wp-json\/wp\/v2\/users\/1"}],"replies":[{"embeddable":true,"href":"https:\/\/elysoracosmetics.com\/index.php\/wp-json\/wp\/v2\/comments?post=7019"}],"version-history":[{"count":4,"href":"https:\/\/elysoracosmetics.com\/index.php\/wp-json\/wp\/v2\/pages\/7019\/revisions"}],"predecessor-version":[{"id":7406,"href":"https:\/\/elysoracosmetics.com\/index.php\/wp-json\/wp\/v2\/pages\/7019\/revisions\/7406"}],"wp:attachment":[{"href":"https:\/\/elysoracosmetics.com\/index.php\/wp-json\/wp\/v2\/media?parent=7019"}],"curies":[{"name":"wp","href":"https:\/\/api.w.org\/{rel}","templated":true}]}}